{"id":5532,"date":"2025-11-07T18:32:09","date_gmt":"2025-11-07T15:32:09","guid":{"rendered":"http:\/\/localhost\/wordpress\/?page_id=5532"},"modified":"2026-01-07T16:27:35","modified_gmt":"2026-01-07T13:27:35","slug":"fuar","status":"publish","type":"page","link":"https:\/\/www.akpinarderi.com\/index.php\/fuar\/","title":{"rendered":"FUAR"},"content":{"rendered":"\t\t<div data-elementor-type=\"wp-page\" data-elementor-id=\"5532\" class=\"elementor elementor-5532\">\n\t\t\t\t<div class=\"elementor-element elementor-element-7e794ab e-con-full e-flex e-con e-parent\" data-id=\"7e794ab\" data-element_type=\"container\" data-settings=\"{&quot;background_background&quot;:&quot;gradient&quot;}\">\n\t\t<div data-advance-animation=\"true\" data-animation-options=\"{&quot;addChildTimelines&quot;:false,&quot;trigger&quot;:&quot;firstChild&quot;,&quot;animationTarget&quot;:&quot;:scope  &gt; .elementor-element, :scope  &gt; .elementor-element:not(.clbr-exclude-parent) &gt; .elementor-widget-container, :scope  &gt; .elementor-widget-clbr-heading-widget .clbr-split-lines .clbr-lines .split-inner, :scope  &gt; .elementor-widget-clbr-heading-widget .clbr-split-words .clbr-words .split-inner, :scope  &gt; .elementor-widget-clbr-heading-widget .clbr-split-chars .clbr-chars .split-inner, :scope .e-con .elementor-element, :scope .e-con .elementor-element &gt; .elementor-widget-container, :scope .e-con .elementor-widget-clbr-heading-widget .clbr-split-lines .clbr-lines .split-inner, :scope .e-con .elementor-widget-clbr-heading-widget .clbr-split-words .clbr-words .split-inner, :scope .e-con .elementor-widget-clbr-heading-widget .clbr-split-chars .clbr-chars .split-inner&quot;,&quot;ease&quot;:&quot;power1.out&quot;,&quot;initValues&quot;:{&quot;opacity&quot;:0},&quot;animations&quot;:{&quot;opacity&quot;:1}}\" class=\"elementor-element elementor-element-cc3dd72 e-con-full e-flex e-con e-child\" data-id=\"cc3dd72\" data-element_type=\"container\" data-settings=\"{&quot;background_background&quot;:&quot;classic&quot;,&quot;clbr_advance_animation&quot;:&quot;yes&quot;}\">\n\t\t\t\t<div class=\"elementor-element elementor-element-f1efc88 elementor-widget elementor-widget-heading\" data-id=\"f1efc88\" data-element_type=\"widget\" data-widget_type=\"heading.default\">\n\t\t\t\t<div class=\"elementor-widget-container\">\n\t\t\t\t\t<h1 class=\"elementor-heading-title elementor-size-default\">FUAR<\/h1>\t\t\t\t<\/div>\n\t\t\t\t<\/div>\n\t\t\t\t<div class=\"elementor-element elementor-element-04bc4a7 elementor-widget elementor-widget-text-editor\" data-id=\"04bc4a7\" data-element_type=\"widget\" data-widget_type=\"text-editor.default\">\n\t\t\t\t<div class=\"elementor-widget-container\">\n\t\t\t\t\t\t\t\t\t<p>Yarat\u0131c\u0131l\u0131\u011f\u0131 \u00f6ne \u00e7\u0131karan \u00e7al\u0131\u015fmalar\u0131m\u0131z\u0131n, fikirlerimizin ve hikayelerimizin sergilendi\u011fi bir sergi.<\/p>\t\t\t\t\t\t\t\t<\/div>\n\t\t\t\t<\/div>\n\t\t\t\t<\/div>\n\t\t\t\t<\/div>\n\t\t<div data-advance-animation=\"true\" data-animation-options=\"{&quot;addChildTimelines&quot;:false,&quot;trigger&quot;:&quot;firstChild&quot;,&quot;animationTarget&quot;:&quot;:scope .e-con-inner &gt; .elementor-element, :scope .e-con-inner &gt; .elementor-element:not(.clbr-exclude-parent) &gt; .elementor-widget-container, :scope .e-con-inner &gt; .elementor-widget-clbr-heading-widget .clbr-split-lines .clbr-lines .split-inner, :scope .e-con-inner &gt; .elementor-widget-clbr-heading-widget .clbr-split-words .clbr-words .split-inner, :scope .e-con-inner &gt; .elementor-widget-clbr-heading-widget .clbr-split-chars .clbr-chars .split-inner, :scope .e-con .elementor-element, :scope .e-con .elementor-element &gt; .elementor-widget-container, :scope .e-con .elementor-widget-clbr-heading-widget .clbr-split-lines .clbr-lines .split-inner, :scope .e-con .elementor-widget-clbr-heading-widget .clbr-split-words .clbr-words .split-inner, :scope .e-con .elementor-widget-clbr-heading-widget .clbr-split-chars .clbr-chars .split-inner&quot;,&quot;startDelay&quot;:800,&quot;ease&quot;:[&quot;power4.out&quot;],&quot;initValues&quot;:{&quot;y&quot;:&quot;70px&quot;,&quot;opacity&quot;:0},&quot;animations&quot;:{&quot;y&quot;:&quot;0px&quot;,&quot;opacity&quot;:1}}\" class=\"elementor-element elementor-element-d23219f e-flex e-con-boxed e-con e-parent\" data-id=\"d23219f\" data-element_type=\"container\" data-settings=\"{&quot;clbr_advance_animation&quot;:&quot;yes&quot;}\">\n\t\t\t\t\t<div class=\"e-con-inner\">\n\t\t\t\t<div class=\"elementor-element elementor-element-adb5c5e elementor-widget elementor-widget-heading\" data-id=\"adb5c5e\" data-element_type=\"widget\" data-widget_type=\"heading.default\">\n\t\t\t\t<div class=\"elementor-widget-container\">\n\t\t\t\t\t<h2 class=\"elementor-heading-title elementor-size-default\">SHOWROOM &amp; FUAR<\/h2>\t\t\t\t<\/div>\n\t\t\t\t<\/div>\n\t\t\t\t<div class=\"elementor-element elementor-element-61361a3 elementor-widget elementor-widget-clbr-image-showcase-widget\" data-id=\"61361a3\" data-element_type=\"widget\" data-widget_type=\"clbr-image-showcase-widget.default\">\n\t\t\t\t<div class=\"elementor-widget-container\">\n\t\t\t\t\t\r\n\t\t<div class=\"clbr-image-showcase clbr-magnetic-effect\" >\r\n\r\n\t\t\t\r\n\t\t\t<div class=\"clbr-image-container clbr-grid clbr-layout--grid clbr-grid__cols-3\" >\r\n\r\n\t\t\t\t\r\n\t\t\t\t\r\n\t\t<div class=\"clbr-image-showcase__item-wrap\" >\t\r\n\t\t\t<div class=\"clbr-image-showcase__item\">\t\r\n\t\t\t\r\n\t\t\t\t<a href=\"https:\/\/www.akpinarderi.com\/wp-content\/uploads\/2025\/11\/Showroom.jpg\" data-elementor-open-lightbox=\"yes\" data-elementor-lightbox-slideshow=\"clbr-image-showcase-lightbox-61361a3\" >\r\n\r\n\t\t\t\t\t<img loading=\"lazy\" decoding=\"async\" width=\"600\" height=\"450\" src=\"https:\/\/www.akpinarderi.com\/wp-content\/uploads\/2025\/11\/Showroom.jpg\" class=\"attachment-karbon-portfolio-grid-standard size-karbon-portfolio-grid-standard\" alt=\"Showroom\" title=\"Showroom\" loading=\"lazy\" \/>\r\n\t\t\t\t\t<div class=\"clbr-image-showcase__overlay\"><\/div>\r\n\r\n\t\t\t\t\t<div class=\"clbr-image-showcase__icon\">\r\n\t\t\t\t\t\t<svg xmlns=\"http:\/\/www.w3.org\/2000\/svg\" viewBox=\"0 0 24 24\" fill=\"currentColor\"><path d=\"M11 11V5H13V11H19V13H13V19H11V13H5V11H11Z\"><\/path><\/svg>\r\n\t\t\t\t\t<\/div>\r\n\r\n\t\t\t\t<\/a>\r\n\r\n\t\t\t<\/div>\r\n\t\t<\/div>\r\n\r\n\t\r\n\t\t<div class=\"clbr-image-showcase__item-wrap\" >\t\r\n\t\t\t<div class=\"clbr-image-showcase__item\">\t\r\n\t\t\t\r\n\t\t\t\t<a href=\"https:\/\/www.akpinarderi.com\/wp-content\/uploads\/2025\/11\/Showroom2.jpg\" data-elementor-open-lightbox=\"yes\" data-elementor-lightbox-slideshow=\"clbr-image-showcase-lightbox-61361a3\" >\r\n\r\n\t\t\t\t\t<img loading=\"lazy\" decoding=\"async\" width=\"600\" height=\"450\" src=\"https:\/\/www.akpinarderi.com\/wp-content\/uploads\/2025\/11\/Showroom2.jpg\" class=\"attachment-karbon-portfolio-grid-standard size-karbon-portfolio-grid-standard\" alt=\"Showroom2\" title=\"Showroom2\" loading=\"lazy\" \/>\r\n\t\t\t\t\t<div class=\"clbr-image-showcase__overlay\"><\/div>\r\n\r\n\t\t\t\t\t<div class=\"clbr-image-showcase__icon\">\r\n\t\t\t\t\t\t<svg xmlns=\"http:\/\/www.w3.org\/2000\/svg\" viewBox=\"0 0 24 24\" fill=\"currentColor\"><path d=\"M11 11V5H13V11H19V13H13V19H11V13H5V11H11Z\"><\/path><\/svg>\r\n\t\t\t\t\t<\/div>\r\n\r\n\t\t\t\t<\/a>\r\n\r\n\t\t\t<\/div>\r\n\t\t<\/div>\r\n\r\n\t\r\n\t\t<div class=\"clbr-image-showcase__item-wrap\" >\t\r\n\t\t\t<div class=\"clbr-image-showcase__item\">\t\r\n\t\t\t\r\n\t\t\t\t<a href=\"https:\/\/www.akpinarderi.com\/wp-content\/uploads\/2025\/11\/Showroom4.jpg\" data-elementor-open-lightbox=\"yes\" data-elementor-lightbox-slideshow=\"clbr-image-showcase-lightbox-61361a3\" >\r\n\r\n\t\t\t\t\t<img loading=\"lazy\" decoding=\"async\" width=\"600\" height=\"450\" src=\"https:\/\/www.akpinarderi.com\/wp-content\/uploads\/2025\/11\/Showroom4.jpg\" class=\"attachment-karbon-portfolio-grid-standard size-karbon-portfolio-grid-standard\" alt=\"Showroom4\" title=\"Showroom4\" loading=\"lazy\" \/>\r\n\t\t\t\t\t<div class=\"clbr-image-showcase__overlay\"><\/div>\r\n\r\n\t\t\t\t\t<div class=\"clbr-image-showcase__icon\">\r\n\t\t\t\t\t\t<svg xmlns=\"http:\/\/www.w3.org\/2000\/svg\" viewBox=\"0 0 24 24\" fill=\"currentColor\"><path d=\"M11 11V5H13V11H19V13H13V19H11V13H5V11H11Z\"><\/path><\/svg>\r\n\t\t\t\t\t<\/div>\r\n\r\n\t\t\t\t<\/a>\r\n\r\n\t\t\t<\/div>\r\n\t\t<\/div>\r\n\r\n\t\r\n\t\t<div class=\"clbr-image-showcase__item-wrap\" >\t\r\n\t\t\t<div class=\"clbr-image-showcase__item\">\t\r\n\t\t\t\r\n\t\t\t\t<a href=\"https:\/\/www.akpinarderi.com\/wp-content\/uploads\/2025\/11\/Showroom5.jpg\" data-elementor-open-lightbox=\"yes\" data-elementor-lightbox-slideshow=\"clbr-image-showcase-lightbox-61361a3\" >\r\n\r\n\t\t\t\t\t<img loading=\"lazy\" decoding=\"async\" width=\"600\" height=\"450\" src=\"https:\/\/www.akpinarderi.com\/wp-content\/uploads\/2025\/11\/Showroom5.jpg\" class=\"attachment-karbon-portfolio-grid-standard size-karbon-portfolio-grid-standard\" alt=\"Showroom5\" title=\"Showroom5\" loading=\"lazy\" \/>\r\n\t\t\t\t\t<div class=\"clbr-image-showcase__overlay\"><\/div>\r\n\r\n\t\t\t\t\t<div class=\"clbr-image-showcase__icon\">\r\n\t\t\t\t\t\t<svg xmlns=\"http:\/\/www.w3.org\/2000\/svg\" viewBox=\"0 0 24 24\" fill=\"currentColor\"><path d=\"M11 11V5H13V11H19V13H13V19H11V13H5V11H11Z\"><\/path><\/svg>\r\n\t\t\t\t\t<\/div>\r\n\r\n\t\t\t\t<\/a>\r\n\r\n\t\t\t<\/div>\r\n\t\t<\/div>\r\n\r\n\t\r\n\t\t\t<\/div>\r\n\r\n\t\t\r\n\t\t<\/div>\r\n\r\n\t\t\t\t\t<\/div>\n\t\t\t\t<\/div>\n\t\t\t\t\t<\/div>\n\t\t\t\t<\/div>\n\t\t\t\t<\/div>\n\t\t","protected":false},"excerpt":{"rendered":"<p>FUAR Yarat\u0131c\u0131l\u0131\u011f\u0131 \u00f6ne \u00e7\u0131karan \u00e7al\u0131\u015fmalar\u0131m\u0131z\u0131n, fikirlerimizin ve hikayelerimizin sergilendi\u011fi bir sergi. SHOWROOM &amp; FUAR<\/p>\n","protected":false},"author":1,"featured_media":0,"parent":0,"menu_order":0,"comment_status":"closed","ping_status":"closed","template":"","meta":{"footnotes":""},"class_list":["post-5532","page","type-page","status-publish","hentry"],"_links":{"self":[{"href":"https:\/\/www.akpinarderi.com\/index.php\/wp-json\/wp\/v2\/pages\/5532","targetHints":{"allow":["GET"]}}],"collection":[{"href":"https:\/\/www.akpinarderi.com\/index.php\/wp-json\/wp\/v2\/pages"}],"about":[{"href":"https:\/\/www.akpinarderi.com\/index.php\/wp-json\/wp\/v2\/types\/page"}],"author":[{"embeddable":true,"href":"https:\/\/www.akpinarderi.com\/index.php\/wp-json\/wp\/v2\/users\/1"}],"replies":[{"embeddable":true,"href":"https:\/\/www.akpinarderi.com\/index.php\/wp-json\/wp\/v2\/comments?post=5532"}],"version-history":[{"count":14,"href":"https:\/\/www.akpinarderi.com\/index.php\/wp-json\/wp\/v2\/pages\/5532\/revisions"}],"predecessor-version":[{"id":5925,"href":"https:\/\/www.akpinarderi.com\/index.php\/wp-json\/wp\/v2\/pages\/5532\/revisions\/5925"}],"wp:attachment":[{"href":"https:\/\/www.akpinarderi.com\/index.php\/wp-json\/wp\/v2\/media?parent=5532"}],"curies":[{"name":"wp","href":"https:\/\/api.w.org\/{rel}","templated":true}]}}