{"id":2303,"date":"2025-09-15T08:10:59","date_gmt":"2025-09-15T08:10:59","guid":{"rendered":"https:\/\/karbon.caliberthemes.com\/?page_id=2303"},"modified":"2025-11-12T17:47:57","modified_gmt":"2025-11-12T14:47:57","slug":"urunlerimiz","status":"publish","type":"page","link":"https:\/\/www.akpinarderi.com\/index.php\/urunlerimiz\/","title":{"rendered":"\u00dcR\u00dcNLER\u0130M\u0130Z"},"content":{"rendered":"\t\t<div data-elementor-type=\"wp-page\" data-elementor-id=\"2303\" class=\"elementor elementor-2303\">\n\t\t\t\t<div class=\"elementor-element elementor-element-c731efd e-con-full e-flex e-con e-parent\" data-id=\"c731efd\" data-element_type=\"container\" data-settings=\"{&quot;background_background&quot;:&quot;gradient&quot;}\">\n\t\t<div data-advance-animation=\"true\" data-animation-options=\"{&quot;addChildTimelines&quot;:false,&quot;trigger&quot;:&quot;firstChild&quot;,&quot;animationTarget&quot;:&quot;:scope  &gt; .elementor-element, :scope  &gt; .elementor-element:not(.clbr-exclude-parent) &gt; .elementor-widget-container, :scope  &gt; .elementor-widget-clbr-heading-widget .clbr-split-lines .clbr-lines .split-inner, :scope  &gt; .elementor-widget-clbr-heading-widget .clbr-split-words .clbr-words .split-inner, :scope  &gt; .elementor-widget-clbr-heading-widget .clbr-split-chars .clbr-chars .split-inner&quot;,&quot;ease&quot;:&quot;power1.out&quot;,&quot;initValues&quot;:{&quot;opacity&quot;:0},&quot;animations&quot;:{&quot;opacity&quot;:1}}\" class=\"elementor-element elementor-element-d8d7167 e-con-full e-flex e-con e-child\" data-id=\"d8d7167\" data-element_type=\"container\" data-settings=\"{&quot;background_background&quot;:&quot;classic&quot;,&quot;clbr_advance_animation&quot;:&quot;yes&quot;}\">\n\t\t\t\t<div class=\"elementor-element elementor-element-174fd21 elementor-widget elementor-widget-heading\" data-id=\"174fd21\" data-element_type=\"widget\" data-widget_type=\"heading.default\">\n\t\t\t\t<div class=\"elementor-widget-container\">\n\t\t\t\t\t<h1 class=\"elementor-heading-title elementor-size-default\">\u00dcr\u00fcnlerimiz<\/h1>\t\t\t\t<\/div>\n\t\t\t\t<\/div>\n\t\t\t\t<\/div>\n\t\t\t\t<\/div>\n\t\t<div class=\"elementor-element elementor-element-c1c75d3 e-flex e-con-boxed e-con e-parent\" data-id=\"c1c75d3\" data-element_type=\"container\">\n\t\t\t\t\t<div class=\"e-con-inner\">\n\t\t\t\t<div class=\"elementor-element elementor-element-12613dc elementor-widget elementor-widget-clbr-portfolio-showcase-widget\" data-id=\"12613dc\" data-element_type=\"widget\" data-widget_type=\"clbr-portfolio-showcase-widget.default\">\n\t\t\t\t<div class=\"elementor-widget-container\">\n\t\t\t\t\t\r\n\t\t<div class=\"clbr-portfolio-showcase\">\r\n\r\n\t\t\t\t\t\r\n\t\t<div id=\"clbr-filter-container\" class=\"clbr-portfolio-filter\" >\r\n\t\t\t\t\r\n\t\t\t\t\t\t\t\t\r\n\t\t\t\t<span data-filter=\"*\" class=\"clbr-portfolio-filter__item clbr-portfolio-filter__item--active\">\r\n\t\t\t\t\tHepsi\t\t\t\t<\/span>\r\n\t\t\t\t\t\r\n\t\t\t\t\t\t\t\t\t\r\n\t\t\t<span data-filter=.askeri-urunler class=\"clbr-portfolio-filter__item\">Askeri \u00dcr\u00fcnler<\/span><span data-filter=.is-guvenligi class=\"clbr-portfolio-filter__item\">\u0130\u015f G\u00fcvenli\u011fi<\/span><span data-filter=.temizlik-urunleri class=\"clbr-portfolio-filter__item\">Temizlik \u00dcr\u00fcnleri<\/span>\t\r\n\t\t<\/div>\r\n\r\n\t\r\n\r\n\t\t\t<div id=\"clbr-portfolio-container\" class=\"clbr-portfolio-container clbr-grid clbr-layout--masonry clbr-grid__cols-3\" >\t\t\t\r\n\r\n\t\t\t\t<div class=\"clbr-grid__sizer\"><\/div>\t\t\t\t\t\r\n\t\t\t\t\r\n\t\t\t\t\t\t\r\n        <div id=\"portfolio-item-4768\" class=\"clbr-portfolio-item clbr-portfolio-item--style-5  askeri-urunler is-guvenligi temizlik-urunleri\" >\r\n\r\n            <a class=\"clbr-portfolio-item__inner\" href=\"https:\/\/www.akpinarderi.com\/index.php\/portfolio\/airfile-file-2\/\" >\r\n\r\n                <img fetchpriority=\"high\" decoding=\"async\" width=\"3024\" height=\"4032\" src=\"https:\/\/www.akpinarderi.com\/wp-content\/uploads\/2025\/11\/orme-alkandra-3-.jpg\" class=\"clbr-portfolio-item__image size-full wp-post-image\" alt=\"\" \/>\r\n\t  \t<div class=\"clbr-portfolio-item__overlay\"><\/div>    \r\n\r\n\t\t\t\r\n\r\n\t  \t<div class=\"clbr-portfolio-item__text-wrap\">\r\n\r\n\t\t\t\r\n\t\t\t\t<div class=\"clbr-portfolio-item__title\">\r\n\t\t\t\t\t<span class=\"clbr-portfolio-item__line-wrap\">\r\n\t\t\t\t\t\t<span class=\"clbr-portfolio-item__line\">\r\n\t\t\t\t\t\t\tAirfile-File\t\t\t\t\t\t<\/span>\r\n\t\t\t\t\t<\/span>\r\n\t\t\t\t<\/div>\r\n\r\n\t\t\t\r\n\t\t\t\r\n\t\t\t\t<div class=\"clbr-portfolio-item__category\">\r\n\t\t\t\t\t<span class=\"clbr-portfolio-item__line-wrap\">\r\n\t\t\t\t\t\t<span class=\"clbr-portfolio-item__line\">\r\n\t\t\t\t\t\t\tAskeri \u00dcr\u00fcnler \/ \u0130\u015f G\u00fcvenli\u011fi \/ Temizlik \u00dcr\u00fcnleri\t\t\t\t\t\t<\/span>\r\n\t\t\t\t\t<\/span>\r\n\t\t\t\t<\/div>\r\n\r\n\t\t\t\t\t\t\r\n        <\/div>\r\n\r\n\t\r\n            <\/a>\r\n\r\n        <\/div>        \r\n\r\n\t\t\t\r\n        <div id=\"portfolio-item-4778\" class=\"clbr-portfolio-item clbr-portfolio-item--style-5  askeri-urunler is-guvenligi temizlik-urunleri\" >\r\n\r\n            <a class=\"clbr-portfolio-item__inner\" href=\"https:\/\/www.akpinarderi.com\/index.php\/portfolio\/orme-kumas-lakost-interlok-suprem-alkandra-2\/\" >\r\n\r\n                <img decoding=\"async\" width=\"1536\" height=\"2048\" src=\"https:\/\/www.akpinarderi.com\/wp-content\/uploads\/2025\/10\/Alkandra.jpg\" class=\"clbr-portfolio-item__image size-full wp-post-image\" alt=\"\" \/>\r\n\t  \t<div class=\"clbr-portfolio-item__overlay\"><\/div>    \r\n\r\n\t\t\t\r\n\r\n\t  \t<div class=\"clbr-portfolio-item__text-wrap\">\r\n\r\n\t\t\t\r\n\t\t\t\t<div class=\"clbr-portfolio-item__title\">\r\n\t\t\t\t\t<span class=\"clbr-portfolio-item__line-wrap\">\r\n\t\t\t\t\t\t<span class=\"clbr-portfolio-item__line\">\r\n\t\t\t\t\t\t\t\u00d6rme Kuma\u015f (Lakost &#038; \u0130nterlok &#038; S\u00fcprem &#038; Alkandra)\t\t\t\t\t\t<\/span>\r\n\t\t\t\t\t<\/span>\r\n\t\t\t\t<\/div>\r\n\r\n\t\t\t\r\n\t\t\t\r\n\t\t\t\t<div class=\"clbr-portfolio-item__category\">\r\n\t\t\t\t\t<span class=\"clbr-portfolio-item__line-wrap\">\r\n\t\t\t\t\t\t<span class=\"clbr-portfolio-item__line\">\r\n\t\t\t\t\t\t\tAskeri \u00dcr\u00fcnler \/ \u0130\u015f G\u00fcvenli\u011fi \/ Temizlik \u00dcr\u00fcnleri\t\t\t\t\t\t<\/span>\r\n\t\t\t\t\t<\/span>\r\n\t\t\t\t<\/div>\r\n\r\n\t\t\t\t\t\t\r\n        <\/div>\r\n\r\n\t\r\n            <\/a>\r\n\r\n        <\/div>        \r\n\r\n\t\t\t\r\n        <div id=\"portfolio-item-5341\" class=\"clbr-portfolio-item clbr-portfolio-item--style-5  askeri-urunler is-guvenligi temizlik-urunleri\" >\r\n\r\n            <a class=\"clbr-portfolio-item__inner\" href=\"https:\/\/www.akpinarderi.com\/index.php\/portfolio\/rasel-kumaslar-anorak-kare-anorak-zigzag-saten-alkandra\/\" >\r\n\r\n                <img decoding=\"async\" width=\"1200\" height=\"1600\" src=\"https:\/\/www.akpinarderi.com\/wp-content\/uploads\/2025\/11\/Rasel.jpg\" class=\"clbr-portfolio-item__image size-full wp-post-image\" alt=\"\" \/>\r\n\t  \t<div class=\"clbr-portfolio-item__overlay\"><\/div>    \r\n\r\n\t\t\t\r\n\r\n\t  \t<div class=\"clbr-portfolio-item__text-wrap\">\r\n\r\n\t\t\t\r\n\t\t\t\t<div class=\"clbr-portfolio-item__title\">\r\n\t\t\t\t\t<span class=\"clbr-portfolio-item__line-wrap\">\r\n\t\t\t\t\t\t<span class=\"clbr-portfolio-item__line\">\r\n\t\t\t\t\t\t\tRa\u015fel Kuma\u015flar; Anorak &amp; Kare Anorak &amp; Zigzag &amp; Saten &amp; Alkandra\t\t\t\t\t\t<\/span>\r\n\t\t\t\t\t<\/span>\r\n\t\t\t\t<\/div>\r\n\r\n\t\t\t\r\n\t\t\t\r\n\t\t\t\t<div class=\"clbr-portfolio-item__category\">\r\n\t\t\t\t\t<span class=\"clbr-portfolio-item__line-wrap\">\r\n\t\t\t\t\t\t<span class=\"clbr-portfolio-item__line\">\r\n\t\t\t\t\t\t\tAskeri \u00dcr\u00fcnler \/ \u0130\u015f G\u00fcvenli\u011fi \/ Temizlik \u00dcr\u00fcnleri\t\t\t\t\t\t<\/span>\r\n\t\t\t\t\t<\/span>\r\n\t\t\t\t<\/div>\r\n\r\n\t\t\t\t\t\t\r\n        <\/div>\r\n\r\n\t\r\n            <\/a>\r\n\r\n        <\/div>        \r\n\r\n\t\t\t\r\n        <div id=\"portfolio-item-4838\" class=\"clbr-portfolio-item clbr-portfolio-item--style-5  askeri-urunler is-guvenligi\" >\r\n\r\n            <a class=\"clbr-portfolio-item__inner\" href=\"https:\/\/www.akpinarderi.com\/index.php\/portfolio\/ford-bombe-pinpon-satex\/\" >\r\n\r\n                <img loading=\"lazy\" decoding=\"async\" width=\"3024\" height=\"4032\" src=\"https:\/\/www.akpinarderi.com\/wp-content\/uploads\/2025\/11\/yapiskanli-takviyelik-urun3.jpg\" class=\"clbr-portfolio-item__image size-full wp-post-image\" alt=\"\" \/>\r\n\t  \t<div class=\"clbr-portfolio-item__overlay\"><\/div>    \r\n\r\n\t\t\t\r\n\r\n\t  \t<div class=\"clbr-portfolio-item__text-wrap\">\r\n\r\n\t\t\t\r\n\t\t\t\t<div class=\"clbr-portfolio-item__title\">\r\n\t\t\t\t\t<span class=\"clbr-portfolio-item__line-wrap\">\r\n\t\t\t\t\t\t<span class=\"clbr-portfolio-item__line\">\r\n\t\t\t\t\t\t\tFord Bombe (Pinpon &amp; Satex)\t\t\t\t\t\t<\/span>\r\n\t\t\t\t\t<\/span>\r\n\t\t\t\t<\/div>\r\n\r\n\t\t\t\r\n\t\t\t\r\n\t\t\t\t<div class=\"clbr-portfolio-item__category\">\r\n\t\t\t\t\t<span class=\"clbr-portfolio-item__line-wrap\">\r\n\t\t\t\t\t\t<span class=\"clbr-portfolio-item__line\">\r\n\t\t\t\t\t\t\tAskeri \u00dcr\u00fcnler \/ \u0130\u015f G\u00fcvenli\u011fi\t\t\t\t\t\t<\/span>\r\n\t\t\t\t\t<\/span>\r\n\t\t\t\t<\/div>\r\n\r\n\t\t\t\t\t\t\r\n        <\/div>\r\n\r\n\t\r\n            <\/a>\r\n\r\n        <\/div>        \r\n\r\n\t\t\t\r\n        <div id=\"portfolio-item-4873\" class=\"clbr-portfolio-item clbr-portfolio-item--style-5  askeri-urunler is-guvenligi\" >\r\n\r\n            <a class=\"clbr-portfolio-item__inner\" href=\"https:\/\/www.akpinarderi.com\/index.php\/portfolio\/ortopedik-ayakkabi-ic-tabanligi-fuspet\/\" >\r\n\r\n                <img loading=\"lazy\" decoding=\"async\" width=\"1600\" height=\"1200\" src=\"https:\/\/www.akpinarderi.com\/wp-content\/uploads\/2025\/10\/ic-tabanlik.jpg\" class=\"clbr-portfolio-item__image size-full wp-post-image\" alt=\"\" \/>\r\n\t  \t<div class=\"clbr-portfolio-item__overlay\"><\/div>    \r\n\r\n\t\t\t\r\n\r\n\t  \t<div class=\"clbr-portfolio-item__text-wrap\">\r\n\r\n\t\t\t\r\n\t\t\t\t<div class=\"clbr-portfolio-item__title\">\r\n\t\t\t\t\t<span class=\"clbr-portfolio-item__line-wrap\">\r\n\t\t\t\t\t\t<span class=\"clbr-portfolio-item__line\">\r\n\t\t\t\t\t\t\tOrtopedik Ayakkab\u0131 \u0130\u00e7 Tabanl\u0131\u011f\u0131 (Fuspet)\t\t\t\t\t\t<\/span>\r\n\t\t\t\t\t<\/span>\r\n\t\t\t\t<\/div>\r\n\r\n\t\t\t\r\n\t\t\t\r\n\t\t\t\t<div class=\"clbr-portfolio-item__category\">\r\n\t\t\t\t\t<span class=\"clbr-portfolio-item__line-wrap\">\r\n\t\t\t\t\t\t<span class=\"clbr-portfolio-item__line\">\r\n\t\t\t\t\t\t\tAskeri \u00dcr\u00fcnler \/ \u0130\u015f G\u00fcvenli\u011fi\t\t\t\t\t\t<\/span>\r\n\t\t\t\t\t<\/span>\r\n\t\t\t\t<\/div>\r\n\r\n\t\t\t\t\t\t\r\n        <\/div>\r\n\r\n\t\r\n            <\/a>\r\n\r\n        <\/div>        \r\n\r\n\t\t\t\r\n        <div id=\"portfolio-item-5318\" class=\"clbr-portfolio-item clbr-portfolio-item--style-5  askeri-urunler is-guvenligi temizlik-urunleri\" >\r\n\r\n            <a class=\"clbr-portfolio-item__inner\" href=\"https:\/\/www.akpinarderi.com\/index.php\/portfolio\/laminasyon-lamineli-urunler-2\/\" >\r\n\r\n                <img loading=\"lazy\" decoding=\"async\" width=\"1024\" height=\"1024\" src=\"https:\/\/www.akpinarderi.com\/wp-content\/uploads\/2025\/11\/lami.jpg\" class=\"clbr-portfolio-item__image size-full wp-post-image\" alt=\"\" \/>\r\n\t  \t<div class=\"clbr-portfolio-item__overlay\"><\/div>    \r\n\r\n\t\t\t\r\n\r\n\t  \t<div class=\"clbr-portfolio-item__text-wrap\">\r\n\r\n\t\t\t\r\n\t\t\t\t<div class=\"clbr-portfolio-item__title\">\r\n\t\t\t\t\t<span class=\"clbr-portfolio-item__line-wrap\">\r\n\t\t\t\t\t\t<span class=\"clbr-portfolio-item__line\">\r\n\t\t\t\t\t\t\tLaminasyon &amp; Lamineli \u00dcr\u00fcnler\t\t\t\t\t\t<\/span>\r\n\t\t\t\t\t<\/span>\r\n\t\t\t\t<\/div>\r\n\r\n\t\t\t\r\n\t\t\t\r\n\t\t\t\t<div class=\"clbr-portfolio-item__category\">\r\n\t\t\t\t\t<span class=\"clbr-portfolio-item__line-wrap\">\r\n\t\t\t\t\t\t<span class=\"clbr-portfolio-item__line\">\r\n\t\t\t\t\t\t\tAskeri \u00dcr\u00fcnler \/ \u0130\u015f G\u00fcvenli\u011fi \/ Temizlik \u00dcr\u00fcnleri\t\t\t\t\t\t<\/span>\r\n\t\t\t\t\t<\/span>\r\n\t\t\t\t<\/div>\r\n\r\n\t\t\t\t\t\t\r\n        <\/div>\r\n\r\n\t\r\n            <\/a>\r\n\r\n        <\/div>        \r\n\r\n\t\t\t\r\n        <div id=\"portfolio-item-4941\" class=\"clbr-portfolio-item clbr-portfolio-item--style-5  askeri-urunler is-guvenligi\" >\r\n\r\n            <a class=\"clbr-portfolio-item__inner\" href=\"https:\/\/www.akpinarderi.com\/index.php\/portfolio\/ithal-urunler-2\/\" >\r\n\r\n                <img loading=\"lazy\" decoding=\"async\" width=\"3024\" height=\"4032\" src=\"https:\/\/www.akpinarderi.com\/wp-content\/uploads\/2025\/10\/ithal-.jpg\" class=\"clbr-portfolio-item__image size-full wp-post-image\" alt=\"\" \/>\r\n\t  \t<div class=\"clbr-portfolio-item__overlay\"><\/div>    \r\n\r\n\t\t\t\r\n\r\n\t  \t<div class=\"clbr-portfolio-item__text-wrap\">\r\n\r\n\t\t\t\r\n\t\t\t\t<div class=\"clbr-portfolio-item__title\">\r\n\t\t\t\t\t<span class=\"clbr-portfolio-item__line-wrap\">\r\n\t\t\t\t\t\t<span class=\"clbr-portfolio-item__line\">\r\n\t\t\t\t\t\t\t\u0130thal \u00dcr\u00fcnler\t\t\t\t\t\t<\/span>\r\n\t\t\t\t\t<\/span>\r\n\t\t\t\t<\/div>\r\n\r\n\t\t\t\r\n\t\t\t\r\n\t\t\t\t<div class=\"clbr-portfolio-item__category\">\r\n\t\t\t\t\t<span class=\"clbr-portfolio-item__line-wrap\">\r\n\t\t\t\t\t\t<span class=\"clbr-portfolio-item__line\">\r\n\t\t\t\t\t\t\tAskeri \u00dcr\u00fcnler \/ \u0130\u015f G\u00fcvenli\u011fi\t\t\t\t\t\t<\/span>\r\n\t\t\t\t\t<\/span>\r\n\t\t\t\t<\/div>\r\n\r\n\t\t\t\t\t\t\r\n        <\/div>\r\n\r\n\t\r\n            <\/a>\r\n\r\n        <\/div>        \r\n\r\n\t\t\t\r\n        <div id=\"portfolio-item-5285\" class=\"clbr-portfolio-item clbr-portfolio-item--style-5  askeri-urunler is-guvenligi\" >\r\n\r\n            <a class=\"clbr-portfolio-item__inner\" href=\"https:\/\/www.akpinarderi.com\/index.php\/portfolio\/yapiskanli-takviye-urunler\/\" >\r\n\r\n                <img loading=\"lazy\" decoding=\"async\" width=\"3024\" height=\"4032\" src=\"https:\/\/www.akpinarderi.com\/wp-content\/uploads\/2025\/11\/yapiskanli-takviyelik-urun.jpg\" class=\"clbr-portfolio-item__image size-full wp-post-image\" alt=\"\" \/>\r\n\t  \t<div class=\"clbr-portfolio-item__overlay\"><\/div>    \r\n\r\n\t\t\t\r\n\r\n\t  \t<div class=\"clbr-portfolio-item__text-wrap\">\r\n\r\n\t\t\t\r\n\t\t\t\t<div class=\"clbr-portfolio-item__title\">\r\n\t\t\t\t\t<span class=\"clbr-portfolio-item__line-wrap\">\r\n\t\t\t\t\t\t<span class=\"clbr-portfolio-item__line\">\r\n\t\t\t\t\t\t\tYap\u0131\u015fkanl\u0131 Takviye \u00dcr\u00fcnler\t\t\t\t\t\t<\/span>\r\n\t\t\t\t\t<\/span>\r\n\t\t\t\t<\/div>\r\n\r\n\t\t\t\r\n\t\t\t\r\n\t\t\t\t<div class=\"clbr-portfolio-item__category\">\r\n\t\t\t\t\t<span class=\"clbr-portfolio-item__line-wrap\">\r\n\t\t\t\t\t\t<span class=\"clbr-portfolio-item__line\">\r\n\t\t\t\t\t\t\tAskeri \u00dcr\u00fcnler \/ \u0130\u015f G\u00fcvenli\u011fi\t\t\t\t\t\t<\/span>\r\n\t\t\t\t\t<\/span>\r\n\t\t\t\t<\/div>\r\n\r\n\t\t\t\t\t\t\r\n        <\/div>\r\n\r\n\t\r\n            <\/a>\r\n\r\n        <\/div>        \r\n\r\n\t\t\t\r\n        <div id=\"portfolio-item-4866\" class=\"clbr-portfolio-item clbr-portfolio-item--style-5  askeri-urunler is-guvenligi temizlik-urunleri\" >\r\n\r\n            <a class=\"clbr-portfolio-item__inner\" href=\"https:\/\/www.akpinarderi.com\/index.php\/portfolio\/suni-deri-pvc-pu\/\" >\r\n\r\n                <img loading=\"lazy\" decoding=\"async\" width=\"1536\" height=\"2048\" src=\"https:\/\/www.akpinarderi.com\/wp-content\/uploads\/2025\/11\/Suni-Deri-PVC-PU.jpg\" class=\"clbr-portfolio-item__image size-full wp-post-image\" alt=\"\" \/>\r\n\t  \t<div class=\"clbr-portfolio-item__overlay\"><\/div>    \r\n\r\n\t\t\t\r\n\r\n\t  \t<div class=\"clbr-portfolio-item__text-wrap\">\r\n\r\n\t\t\t\r\n\t\t\t\t<div class=\"clbr-portfolio-item__title\">\r\n\t\t\t\t\t<span class=\"clbr-portfolio-item__line-wrap\">\r\n\t\t\t\t\t\t<span class=\"clbr-portfolio-item__line\">\r\n\t\t\t\t\t\t\tSuni Deri &amp; PVC &amp; PU\t\t\t\t\t\t<\/span>\r\n\t\t\t\t\t<\/span>\r\n\t\t\t\t<\/div>\r\n\r\n\t\t\t\r\n\t\t\t\r\n\t\t\t\t<div class=\"clbr-portfolio-item__category\">\r\n\t\t\t\t\t<span class=\"clbr-portfolio-item__line-wrap\">\r\n\t\t\t\t\t\t<span class=\"clbr-portfolio-item__line\">\r\n\t\t\t\t\t\t\tAskeri \u00dcr\u00fcnler \/ \u0130\u015f G\u00fcvenli\u011fi \/ Temizlik \u00dcr\u00fcnleri\t\t\t\t\t\t<\/span>\r\n\t\t\t\t\t<\/span>\r\n\t\t\t\t<\/div>\r\n\r\n\t\t\t\t\t\t\r\n        <\/div>\r\n\r\n\t\r\n            <\/a>\r\n\r\n        <\/div>        \r\n\r\n\t\t\t\r\n        <div id=\"portfolio-item-4699\" class=\"clbr-portfolio-item clbr-portfolio-item--style-5  askeri-urunler is-guvenligi temizlik-urunleri\" >\r\n\r\n            <a class=\"clbr-portfolio-item__inner\" href=\"https:\/\/www.akpinarderi.com\/index.php\/portfolio\/eva-kopuk-xp-urunleri\/\" >\r\n\r\n                <img loading=\"lazy\" decoding=\"async\" width=\"4032\" height=\"3024\" src=\"https:\/\/www.akpinarderi.com\/wp-content\/uploads\/2025\/10\/XP-kopuk-2-.jpg\" class=\"clbr-portfolio-item__image size-full wp-post-image\" alt=\"\" \/>\r\n\t  \t<div class=\"clbr-portfolio-item__overlay\"><\/div>    \r\n\r\n\t\t\t\r\n\r\n\t  \t<div class=\"clbr-portfolio-item__text-wrap\">\r\n\r\n\t\t\t\r\n\t\t\t\t<div class=\"clbr-portfolio-item__title\">\r\n\t\t\t\t\t<span class=\"clbr-portfolio-item__line-wrap\">\r\n\t\t\t\t\t\t<span class=\"clbr-portfolio-item__line\">\r\n\t\t\t\t\t\t\tEva &amp; K\u00f6p\u00fck &amp; XP \u00dcr\u00fcnleri\t\t\t\t\t\t<\/span>\r\n\t\t\t\t\t<\/span>\r\n\t\t\t\t<\/div>\r\n\r\n\t\t\t\r\n\t\t\t\r\n\t\t\t\t<div class=\"clbr-portfolio-item__category\">\r\n\t\t\t\t\t<span class=\"clbr-portfolio-item__line-wrap\">\r\n\t\t\t\t\t\t<span class=\"clbr-portfolio-item__line\">\r\n\t\t\t\t\t\t\tAskeri \u00dcr\u00fcnler \/ \u0130\u015f G\u00fcvenli\u011fi \/ Temizlik \u00dcr\u00fcnleri\t\t\t\t\t\t<\/span>\r\n\t\t\t\t\t<\/span>\r\n\t\t\t\t<\/div>\r\n\r\n\t\t\t\t\t\t\r\n        <\/div>\r\n\r\n\t\r\n            <\/a>\r\n\r\n        <\/div>        \r\n\r\n\t\t\t\r\n        <div id=\"portfolio-item-4814\" class=\"clbr-portfolio-item clbr-portfolio-item--style-5  askeri-urunler is-guvenligi\" >\r\n\r\n            <a class=\"clbr-portfolio-item__inner\" href=\"https:\/\/www.akpinarderi.com\/index.php\/portfolio\/elementor-4814\/\" >\r\n\r\n                <img loading=\"lazy\" decoding=\"async\" width=\"1536\" height=\"2048\" src=\"https:\/\/www.akpinarderi.com\/wp-content\/uploads\/2025\/11\/Taban-astari-2.jpg\" class=\"clbr-portfolio-item__image size-full wp-post-image\" alt=\"\" \/>\r\n\t  \t<div class=\"clbr-portfolio-item__overlay\"><\/div>    \r\n\r\n\t\t\t\r\n\r\n\t  \t<div class=\"clbr-portfolio-item__text-wrap\">\r\n\r\n\t\t\t\r\n\t\t\t\t<div class=\"clbr-portfolio-item__title\">\r\n\t\t\t\t\t<span class=\"clbr-portfolio-item__line-wrap\">\r\n\t\t\t\t\t\t<span class=\"clbr-portfolio-item__line\">\r\n\t\t\t\t\t\t\tTaban Astan &amp; Vizo &amp; Ke\u00e7e\t\t\t\t\t\t<\/span>\r\n\t\t\t\t\t<\/span>\r\n\t\t\t\t<\/div>\r\n\r\n\t\t\t\r\n\t\t\t\r\n\t\t\t\t<div class=\"clbr-portfolio-item__category\">\r\n\t\t\t\t\t<span class=\"clbr-portfolio-item__line-wrap\">\r\n\t\t\t\t\t\t<span class=\"clbr-portfolio-item__line\">\r\n\t\t\t\t\t\t\tAskeri \u00dcr\u00fcnler \/ \u0130\u015f G\u00fcvenli\u011fi\t\t\t\t\t\t<\/span>\r\n\t\t\t\t\t<\/span>\r\n\t\t\t\t<\/div>\r\n\r\n\t\t\t\t\t\t\r\n        <\/div>\r\n\r\n\t\r\n            <\/a>\r\n\r\n        <\/div>        \r\n\r\n\t\t\t\r\n        <div id=\"portfolio-item-5313\" class=\"clbr-portfolio-item clbr-portfolio-item--style-5  askeri-urunler is-guvenligi temizlik-urunleri\" >\r\n\r\n            <a class=\"clbr-portfolio-item__inner\" href=\"https:\/\/www.akpinarderi.com\/index.php\/portfolio\/keten-takviyelik-urunler-2\/\" >\r\n\r\n                <img loading=\"lazy\" decoding=\"async\" width=\"3024\" height=\"4032\" src=\"https:\/\/www.akpinarderi.com\/wp-content\/uploads\/2025\/11\/Keten-ve-takviye-bezleri3.jpg\" class=\"clbr-portfolio-item__image size-full wp-post-image\" alt=\"\" \/>\r\n\t  \t<div class=\"clbr-portfolio-item__overlay\"><\/div>    \r\n\r\n\t\t\t\r\n\r\n\t  \t<div class=\"clbr-portfolio-item__text-wrap\">\r\n\r\n\t\t\t\r\n\t\t\t\t<div class=\"clbr-portfolio-item__title\">\r\n\t\t\t\t\t<span class=\"clbr-portfolio-item__line-wrap\">\r\n\t\t\t\t\t\t<span class=\"clbr-portfolio-item__line\">\r\n\t\t\t\t\t\t\tKeten &amp; Takviyelik \u00dcr\u00fcnler\t\t\t\t\t\t<\/span>\r\n\t\t\t\t\t<\/span>\r\n\t\t\t\t<\/div>\r\n\r\n\t\t\t\r\n\t\t\t\r\n\t\t\t\t<div class=\"clbr-portfolio-item__category\">\r\n\t\t\t\t\t<span class=\"clbr-portfolio-item__line-wrap\">\r\n\t\t\t\t\t\t<span class=\"clbr-portfolio-item__line\">\r\n\t\t\t\t\t\t\tAskeri \u00dcr\u00fcnler \/ \u0130\u015f G\u00fcvenli\u011fi \/ Temizlik \u00dcr\u00fcnleri\t\t\t\t\t\t<\/span>\r\n\t\t\t\t\t<\/span>\r\n\t\t\t\t<\/div>\r\n\r\n\t\t\t\t\t\t\r\n        <\/div>\r\n\r\n\t\r\n            <\/a>\r\n\r\n        <\/div>        \r\n\r\n\t\t\t\r\n        <div id=\"portfolio-item-5019\" class=\"clbr-portfolio-item clbr-portfolio-item--style-5  askeri-urunler\" >\r\n\r\n            <a class=\"clbr-portfolio-item__inner\" href=\"https:\/\/www.akpinarderi.com\/index.php\/portfolio\/pelus\/\" >\r\n\r\n                <img loading=\"lazy\" decoding=\"async\" width=\"2048\" height=\"1536\" src=\"https:\/\/www.akpinarderi.com\/wp-content\/uploads\/2025\/11\/Pelus2.jpg\" class=\"clbr-portfolio-item__image size-full wp-post-image\" alt=\"\" \/>\r\n\t  \t<div class=\"clbr-portfolio-item__overlay\"><\/div>    \r\n\r\n\t\t\t\r\n\r\n\t  \t<div class=\"clbr-portfolio-item__text-wrap\">\r\n\r\n\t\t\t\r\n\t\t\t\t<div class=\"clbr-portfolio-item__title\">\r\n\t\t\t\t\t<span class=\"clbr-portfolio-item__line-wrap\">\r\n\t\t\t\t\t\t<span class=\"clbr-portfolio-item__line\">\r\n\t\t\t\t\t\t\tPelu\u015f\t\t\t\t\t\t<\/span>\r\n\t\t\t\t\t<\/span>\r\n\t\t\t\t<\/div>\r\n\r\n\t\t\t\r\n\t\t\t\r\n\t\t\t\t<div class=\"clbr-portfolio-item__category\">\r\n\t\t\t\t\t<span class=\"clbr-portfolio-item__line-wrap\">\r\n\t\t\t\t\t\t<span class=\"clbr-portfolio-item__line\">\r\n\t\t\t\t\t\t\tAskeri \u00dcr\u00fcnler\t\t\t\t\t\t<\/span>\r\n\t\t\t\t\t<\/span>\r\n\t\t\t\t<\/div>\r\n\r\n\t\t\t\t\t\t\r\n        <\/div>\r\n\r\n\t\r\n            <\/a>\r\n\r\n        <\/div>        \r\n\r\n\t\t\t\r\n        <div id=\"portfolio-item-4896\" class=\"clbr-portfolio-item clbr-portfolio-item--style-5  askeri-urunler is-guvenligi temizlik-urunleri\" >\r\n\r\n            <a class=\"clbr-portfolio-item__inner\" href=\"https:\/\/www.akpinarderi.com\/index.php\/portfolio\/yapisitirici-butterfly-latex\/\" >\r\n\r\n                <img loading=\"lazy\" decoding=\"async\" width=\"738\" height=\"719\" src=\"https:\/\/www.akpinarderi.com\/wp-content\/uploads\/2025\/10\/Butterfly.jpg\" class=\"clbr-portfolio-item__image size-full wp-post-image\" alt=\"\" \/>\r\n\t  \t<div class=\"clbr-portfolio-item__overlay\"><\/div>    \r\n\r\n\t\t\t\r\n\r\n\t  \t<div class=\"clbr-portfolio-item__text-wrap\">\r\n\r\n\t\t\t\r\n\t\t\t\t<div class=\"clbr-portfolio-item__title\">\r\n\t\t\t\t\t<span class=\"clbr-portfolio-item__line-wrap\">\r\n\t\t\t\t\t\t<span class=\"clbr-portfolio-item__line\">\r\n\t\t\t\t\t\t\tYap\u0131\u015f\u0131t\u0131r\u0131c\u0131 (Butterfly) &amp; Latex\t\t\t\t\t\t<\/span>\r\n\t\t\t\t\t<\/span>\r\n\t\t\t\t<\/div>\r\n\r\n\t\t\t\r\n\t\t\t\r\n\t\t\t\t<div class=\"clbr-portfolio-item__category\">\r\n\t\t\t\t\t<span class=\"clbr-portfolio-item__line-wrap\">\r\n\t\t\t\t\t\t<span class=\"clbr-portfolio-item__line\">\r\n\t\t\t\t\t\t\tAskeri \u00dcr\u00fcnler \/ \u0130\u015f G\u00fcvenli\u011fi \/ Temizlik \u00dcr\u00fcnleri\t\t\t\t\t\t<\/span>\r\n\t\t\t\t\t<\/span>\r\n\t\t\t\t<\/div>\r\n\r\n\t\t\t\t\t\t\r\n        <\/div>\r\n\r\n\t\r\n            <\/a>\r\n\r\n        <\/div>        \r\n\r\n\t\t\t\t\t\r\n\r\n\t\t\t<\/div><!--End #grid-container-->\t\t\t\r\n\r\n\t\t\t\r\n\r\n\t\t\r\n\t\t<\/div>\r\n\r\n\t\t\t\t\t<\/div>\n\t\t\t\t<\/div>\n\t\t\t\t\t<\/div>\n\t\t\t\t<\/div>\n\t\t\t\t<\/div>\n\t\t","protected":false},"excerpt":{"rendered":"<p>\u00dcr\u00fcnlerimiz Hepsi Askeri \u00dcr\u00fcnler\u0130\u015f G\u00fcvenli\u011fiTemizlik \u00dcr\u00fcnleri Airfile-File Askeri \u00dcr\u00fcnler \/ \u0130\u015f G\u00fcvenli\u011fi \/ Temizlik \u00dcr\u00fcnleri \u00d6rme Kuma\u015f (Lakost &#038; \u0130nterlok &#038; S\u00fcprem &#038; Alkandra) Askeri \u00dcr\u00fcnler \/ \u0130\u015f G\u00fcvenli\u011fi \/ Temizlik \u00dcr\u00fcnleri Ra\u015fel Kuma\u015flar; Anorak &amp; Kare Anorak &amp; Zigzag &amp; Saten &amp; Alkandra Askeri \u00dcr\u00fcnler \/ \u0130\u015f G\u00fcvenli\u011fi \/ Temizlik \u00dcr\u00fcnleri Ford Bombe (Pinpon [&hellip;]<\/p>\n","protected":false},"author":1,"featured_media":0,"parent":0,"menu_order":0,"comment_status":"closed","ping_status":"closed","template":"","meta":{"footnotes":""},"class_list":["post-2303","page","type-page","status-publish","hentry"],"_links":{"self":[{"href":"https:\/\/www.akpinarderi.com\/index.php\/wp-json\/wp\/v2\/pages\/2303","targetHints":{"allow":["GET"]}}],"collection":[{"href":"https:\/\/www.akpinarderi.com\/index.php\/wp-json\/wp\/v2\/pages"}],"about":[{"href":"https:\/\/www.akpinarderi.com\/index.php\/wp-json\/wp\/v2\/types\/page"}],"author":[{"embeddable":true,"href":"https:\/\/www.akpinarderi.com\/index.php\/wp-json\/wp\/v2\/users\/1"}],"replies":[{"embeddable":true,"href":"https:\/\/www.akpinarderi.com\/index.php\/wp-json\/wp\/v2\/comments?post=2303"}],"version-history":[{"count":80,"href":"https:\/\/www.akpinarderi.com\/index.php\/wp-json\/wp\/v2\/pages\/2303\/revisions"}],"predecessor-version":[{"id":5877,"href":"https:\/\/www.akpinarderi.com\/index.php\/wp-json\/wp\/v2\/pages\/2303\/revisions\/5877"}],"wp:attachment":[{"href":"https:\/\/www.akpinarderi.com\/index.php\/wp-json\/wp\/v2\/media?parent=2303"}],"curies":[{"name":"wp","href":"https:\/\/api.w.org\/{rel}","templated":true}]}}