{"id":2262,"date":"2025-09-14T08:38:31","date_gmt":"2025-09-14T08:38:31","guid":{"rendered":"https:\/\/karbon.caliberthemes.com\/?page_id=2262"},"modified":"2025-11-11T16:49:54","modified_gmt":"2025-11-11T13:49:54","slug":"iletisim","status":"publish","type":"page","link":"https:\/\/www.akpinarderi.com\/index.php\/iletisim\/","title":{"rendered":"\u0130LET\u0130\u015e\u0130M"},"content":{"rendered":"\t\t<div data-elementor-type=\"wp-page\" data-elementor-id=\"2262\" class=\"elementor elementor-2262\">\n\t\t\t\t<div class=\"elementor-element elementor-element-4da5b11 e-con-full e-flex e-con e-parent\" data-id=\"4da5b11\" data-element_type=\"container\" data-settings=\"{&quot;background_background&quot;:&quot;gradient&quot;}\">\n\t\t<div data-advance-animation=\"true\" data-animation-options=\"{&quot;addChildTimelines&quot;:false,&quot;trigger&quot;:&quot;firstChild&quot;,&quot;animationTarget&quot;:&quot;:scope  &gt; .elementor-element, :scope  &gt; .elementor-element:not(.clbr-exclude-parent) &gt; .elementor-widget-container, :scope  &gt; .elementor-widget-clbr-heading-widget .clbr-split-lines .clbr-lines .split-inner, :scope  &gt; .elementor-widget-clbr-heading-widget .clbr-split-words .clbr-words .split-inner, :scope  &gt; .elementor-widget-clbr-heading-widget .clbr-split-chars .clbr-chars .split-inner, :scope .e-con .elementor-element, :scope .e-con .elementor-element &gt; .elementor-widget-container, :scope .e-con .elementor-widget-clbr-heading-widget .clbr-split-lines .clbr-lines .split-inner, :scope .e-con .elementor-widget-clbr-heading-widget .clbr-split-words .clbr-words .split-inner, :scope .e-con .elementor-widget-clbr-heading-widget .clbr-split-chars .clbr-chars .split-inner&quot;,&quot;ease&quot;:&quot;power1.out&quot;,&quot;initValues&quot;:{&quot;opacity&quot;:0},&quot;animations&quot;:{&quot;opacity&quot;:1}}\" class=\"elementor-element elementor-element-ef519f4 e-con-full e-flex e-con e-child\" data-id=\"ef519f4\" data-element_type=\"container\" data-settings=\"{&quot;background_background&quot;:&quot;classic&quot;,&quot;clbr_advance_animation&quot;:&quot;yes&quot;}\">\n\t\t\t\t<div class=\"elementor-element elementor-element-091a195 elementor-widget elementor-widget-heading\" data-id=\"091a195\" data-element_type=\"widget\" data-widget_type=\"heading.default\">\n\t\t\t\t<div class=\"elementor-widget-container\">\n\t\t\t\t\t<h1 class=\"elementor-heading-title elementor-size-default\">\u0130leti\u015fime Ge\u00e7in<\/h1>\t\t\t\t<\/div>\n\t\t\t\t<\/div>\n\t\t\t\t<\/div>\n\t\t\t\t<\/div>\n\t\t<div data-advance-animation=\"true\" data-animation-options=\"{&quot;addChildTimelines&quot;:false,&quot;trigger&quot;:&quot;firstChild&quot;,&quot;animationTarget&quot;:&quot;:scope .e-con-inner &gt; .elementor-element, :scope .e-con-inner &gt; .elementor-element:not(.clbr-exclude-parent) &gt; .elementor-widget-container, :scope .e-con-inner &gt; .elementor-widget-clbr-heading-widget .clbr-split-lines .clbr-lines .split-inner, :scope .e-con-inner &gt; .elementor-widget-clbr-heading-widget .clbr-split-words .clbr-words .split-inner, :scope .e-con-inner &gt; .elementor-widget-clbr-heading-widget .clbr-split-chars .clbr-chars .split-inner, :scope .e-con .elementor-element, :scope .e-con .elementor-element &gt; .elementor-widget-container, :scope .e-con .elementor-widget-clbr-heading-widget .clbr-split-lines .clbr-lines .split-inner, :scope .e-con .elementor-widget-clbr-heading-widget .clbr-split-words .clbr-words .split-inner, :scope .e-con .elementor-widget-clbr-heading-widget .clbr-split-chars .clbr-chars .split-inner&quot;,&quot;duration&quot;:1200,&quot;startDelay&quot;:800,&quot;delay&quot;:50,&quot;ease&quot;:[&quot;power4.out&quot;],&quot;initValues&quot;:{&quot;y&quot;:&quot;100px&quot;,&quot;opacity&quot;:0},&quot;animations&quot;:{&quot;y&quot;:&quot;0px&quot;,&quot;opacity&quot;:1}}\" class=\"elementor-element elementor-element-be852c8 e-flex e-con-boxed e-con e-parent\" data-id=\"be852c8\" data-element_type=\"container\" data-settings=\"{&quot;clbr_advance_animation&quot;:&quot;yes&quot;}\">\n\t\t\t\t\t<div class=\"e-con-inner\">\n\t\t<div class=\"elementor-element elementor-element-da5273e e-con-full e-flex e-con e-child\" data-id=\"da5273e\" data-element_type=\"container\">\n\t\t\t\t<div class=\"elementor-element elementor-element-d9cfb97 elementor-widget elementor-widget-clbr-styled-text-widget\" data-id=\"d9cfb97\" data-element_type=\"widget\" data-widget_type=\"clbr-styled-text-widget.default\">\n\t\t\t\t<div class=\"elementor-widget-container\">\n\t\t\t\t\t<div class=\"clbr-styled-text-wrap\"><span class=\"clbr-styled-text\">LET&#039;S TALK<\/span><\/div>\t\t\t\t<\/div>\n\t\t\t\t<\/div>\n\t\t\t\t<div class=\"elementor-element elementor-element-79872af elementor-widget elementor-widget-heading\" data-id=\"79872af\" data-element_type=\"widget\" data-widget_type=\"heading.default\">\n\t\t\t\t<div class=\"elementor-widget-container\">\n\t\t\t\t\t<h2 class=\"elementor-heading-title elementor-size-default\">Harika Bir \u015eeye Ba\u015flamaya Haz\u0131r M\u0131s\u0131n\u0131z?<\/h2>\t\t\t\t<\/div>\n\t\t\t\t<\/div>\n\t\t\t\t<div class=\"elementor-element elementor-element-bce5fe3 elementor-widget__width-initial elementor-widget elementor-widget-text-editor\" data-id=\"bce5fe3\" data-element_type=\"widget\" data-widget_type=\"text-editor.default\">\n\t\t\t\t<div class=\"elementor-widget-container\">\n\t\t\t\t\t\t\t\t\t<p>Projeniz, fikriniz veya zorlu\u011funuz hakk\u0131nda bilgi edinmek isteriz. Formu doldurun veya bize bir mesaj b\u0131rak\u0131n, bir g\u00fcn i\u00e7inde size geri d\u00f6n\u00fc\u015f yapaca\u011f\u0131z.<\/p>\t\t\t\t\t\t\t\t<\/div>\n\t\t\t\t<\/div>\n\t\t\t\t<div class=\"elementor-element elementor-element-e33b7e7 elementor-view-stacked elementor-position-left elementor-mobile-position-left elementor-widget-mobile__width-inherit elementor-shape-circle elementor-widget elementor-widget-icon-box\" data-id=\"e33b7e7\" data-element_type=\"widget\" data-widget_type=\"icon-box.default\">\n\t\t\t\t<div class=\"elementor-widget-container\">\n\t\t\t\t\t\t\t<div class=\"elementor-icon-box-wrapper\">\n\n\t\t\t\t\t\t<div class=\"elementor-icon-box-icon\">\n\t\t\t\t<span  class=\"elementor-icon\">\n\t\t\t\t<i aria-hidden=\"true\" class=\"ri ri-phone-line\"><\/i>\t\t\t\t<\/span>\n\t\t\t<\/div>\n\t\t\t\n\t\t\t\t\t\t<div class=\"elementor-icon-box-content\">\n\n\t\t\t\t\t\t\t\t\t<h6 class=\"elementor-icon-box-title\">\n\t\t\t\t\t\t<span  >\n\t\t\t\t\t\t\tAray\u0131n\t\t\t\t\t\t<\/span>\n\t\t\t\t\t<\/h6>\n\t\t\t\t\n\t\t\t\t\t\t\t\t\t<p class=\"elementor-icon-box-description\">\n\t\t\t\t\t\t+90 212 485 87 47 , +90 212 485 28 44  <\/br>+90 532 678 42 13 \t\t\t\t\t<\/p>\n\t\t\t\t\n\t\t\t<\/div>\n\t\t\t\n\t\t<\/div>\n\t\t\t\t\t\t<\/div>\n\t\t\t\t<\/div>\n\t\t\t\t<div class=\"elementor-element elementor-element-5f42b83 elementor-view-stacked elementor-position-left elementor-mobile-position-left elementor-widget-mobile__width-inherit elementor-shape-circle elementor-widget elementor-widget-icon-box\" data-id=\"5f42b83\" data-element_type=\"widget\" data-widget_type=\"icon-box.default\">\n\t\t\t\t<div class=\"elementor-widget-container\">\n\t\t\t\t\t\t\t<div class=\"elementor-icon-box-wrapper\">\n\n\t\t\t\t\t\t<div class=\"elementor-icon-box-icon\">\n\t\t\t\t<span  class=\"elementor-icon\">\n\t\t\t\t<i aria-hidden=\"true\" class=\"ri ri-mail-line\"><\/i>\t\t\t\t<\/span>\n\t\t\t<\/div>\n\t\t\t\n\t\t\t\t\t\t<div class=\"elementor-icon-box-content\">\n\n\t\t\t\t\t\t\t\t\t<h6 class=\"elementor-icon-box-title\">\n\t\t\t\t\t\t<span  >\n\t\t\t\t\t\t\tEmail\t\t\t\t\t\t<\/span>\n\t\t\t\t\t<\/h6>\n\t\t\t\t\n\t\t\t\t\t\t\t\t\t<p class=\"elementor-icon-box-description\">\n\t\t\t\t\t\tsiparis@akpinarderi.com \n\t\t\t\t\t<\/p>\n\t\t\t\t\n\t\t\t<\/div>\n\t\t\t\n\t\t<\/div>\n\t\t\t\t\t\t<\/div>\n\t\t\t\t<\/div>\n\t\t\t\t<\/div>\n\t\t<div class=\"elementor-element elementor-element-294d4a2 e-con-full e-flex e-con e-child\" data-id=\"294d4a2\" data-element_type=\"container\">\n\t\t\t\t<div class=\"elementor-element elementor-element-4dbc45b elementor-widget__width-inherit elementor-widget-tablet__width-inherit elementor-widget elementor-widget-clbr-contact-form-7-widget\" data-id=\"4dbc45b\" data-element_type=\"widget\" data-widget_type=\"clbr-contact-form-7-widget.default\">\n\t\t\t\t<div class=\"elementor-widget-container\">\n\t\t\t\t\t\t\t<div class=\"clbr-cf7-wrapper\">\r\n\r\n\t\t\t\t\t\t\r\n\t\t\t\t\n<div class=\"wpcf7 no-js\" id=\"wpcf7-f2284-o1\" lang=\"en-US\" dir=\"ltr\" data-wpcf7-id=\"2284\">\n<div class=\"screen-reader-response\"><p role=\"status\" aria-live=\"polite\" aria-atomic=\"true\"><\/p> <ul><\/ul><\/div>\n<form action=\"\/index.php\/wp-json\/wp\/v2\/pages\/2262#wpcf7-f2284-o1\" method=\"post\" class=\"wpcf7-form init\" aria-label=\"Contact form\" novalidate=\"novalidate\" data-status=\"init\">\n<fieldset class=\"hidden-fields-container\"><input type=\"hidden\" name=\"_wpcf7\" value=\"2284\" \/><input type=\"hidden\" name=\"_wpcf7_version\" value=\"6.1.4\" \/><input type=\"hidden\" name=\"_wpcf7_locale\" value=\"en_US\" \/><input type=\"hidden\" name=\"_wpcf7_unit_tag\" value=\"wpcf7-f2284-o1\" \/><input type=\"hidden\" name=\"_wpcf7_container_post\" value=\"0\" \/><input type=\"hidden\" name=\"_wpcf7_posted_data_hash\" value=\"\" \/>\n<\/fieldset>\n<p><span class=\"wpcf7-form-control-wrap\" data-name=\"your-name\"><input size=\"40\" maxlength=\"400\" class=\"wpcf7-form-control wpcf7-text wpcf7-validates-as-required\" aria-required=\"true\" aria-invalid=\"false\" placeholder=\"Your Name\" value=\"\" type=\"text\" name=\"your-name\" \/><\/span><br \/>\n<span class=\"wpcf7-form-control-wrap\" data-name=\"your-email\"><input size=\"40\" maxlength=\"400\" class=\"wpcf7-form-control wpcf7-email wpcf7-validates-as-required wpcf7-text wpcf7-validates-as-email\" aria-required=\"true\" aria-invalid=\"false\" placeholder=\"Your Email\" value=\"\" type=\"email\" name=\"your-email\" \/><\/span><br \/>\n<span class=\"wpcf7-form-control-wrap\" data-name=\"your-subject\"><input size=\"40\" maxlength=\"400\" class=\"wpcf7-form-control wpcf7-text\" aria-invalid=\"false\" placeholder=\"Subject\" value=\"\" type=\"text\" name=\"your-subject\" \/><\/span><br \/>\n<span class=\"wpcf7-form-control-wrap\" data-name=\"your-message\"><textarea cols=\"40\" rows=\"10\" maxlength=\"2000\" class=\"wpcf7-form-control wpcf7-textarea\" aria-invalid=\"false\" placeholder=\"Your Message\" name=\"your-message\"><\/textarea><\/span><br \/>\n<input class=\"wpcf7-form-control wpcf7-submit has-spinner\" type=\"submit\" value=\"Share Your Vision\" \/>\n<\/p><div class=\"wpcf7-response-output\" aria-hidden=\"true\"><\/div>\n<\/form>\n<\/div>\n\t\t\t\t\r\n\t\t\t\r\n\t\t<\/div>\r\n\r\n\t\t\t\t\t<\/div>\n\t\t\t\t<\/div>\n\t\t\t\t<\/div>\n\t\t\t\t\t<\/div>\n\t\t\t\t<\/div>\n\t\t<div class=\"elementor-element elementor-element-5768021 e-flex e-con-boxed e-con e-parent\" data-id=\"5768021\" data-element_type=\"container\">\n\t\t\t\t\t<div class=\"e-con-inner\">\n\t\t\t\t<div class=\"elementor-element elementor-element-37f313f elementor-widget elementor-widget-google_maps\" data-id=\"37f313f\" data-element_type=\"widget\" data-widget_type=\"google_maps.default\">\n\t\t\t\t<div class=\"elementor-widget-container\">\n\t\t\t\t\t\t\t<div class=\"elementor-custom-embed\">\n\t\t\t<iframe loading=\"lazy\"\n\t\t\t\t\tsrc=\"https:\/\/maps.google.com\/maps?q=Akp%C4%B1narderi&#038;t=m&#038;z=12&#038;output=embed&#038;iwloc=near\"\n\t\t\t\t\ttitle=\"Akp\u0131narderi\"\n\t\t\t\t\taria-label=\"Akp\u0131narderi\"\n\t\t\t><\/iframe>\n\t\t<\/div>\n\t\t\t\t\t\t<\/div>\n\t\t\t\t<\/div>\n\t\t\t\t\t<\/div>\n\t\t\t\t<\/div>\n\t\t\t\t<\/div>\n\t\t","protected":false},"excerpt":{"rendered":"<p>\u0130leti\u015fime Ge\u00e7in LET&#039;S TALK Harika Bir \u015eeye Ba\u015flamaya Haz\u0131r M\u0131s\u0131n\u0131z? Projeniz, fikriniz veya zorlu\u011funuz hakk\u0131nda bilgi edinmek isteriz. Formu doldurun veya bize bir mesaj b\u0131rak\u0131n, bir g\u00fcn i\u00e7inde size geri d\u00f6n\u00fc\u015f yapaca\u011f\u0131z. Aray\u0131n +90 212 485 87 47 , +90 212 485 28 44 +90 532 678 42 13 Email siparis@akpinarderi.com<\/p>\n","protected":false},"author":1,"featured_media":0,"parent":0,"menu_order":0,"comment_status":"closed","ping_status":"closed","template":"","meta":{"footnotes":""},"class_list":["post-2262","page","type-page","status-publish","hentry"],"_links":{"self":[{"href":"https:\/\/www.akpinarderi.com\/index.php\/wp-json\/wp\/v2\/pages\/2262","targetHints":{"allow":["GET"]}}],"collection":[{"href":"https:\/\/www.akpinarderi.com\/index.php\/wp-json\/wp\/v2\/pages"}],"about":[{"href":"https:\/\/www.akpinarderi.com\/index.php\/wp-json\/wp\/v2\/types\/page"}],"author":[{"embeddable":true,"href":"https:\/\/www.akpinarderi.com\/index.php\/wp-json\/wp\/v2\/users\/1"}],"replies":[{"embeddable":true,"href":"https:\/\/www.akpinarderi.com\/index.php\/wp-json\/wp\/v2\/comments?post=2262"}],"version-history":[{"count":16,"href":"https:\/\/www.akpinarderi.com\/index.php\/wp-json\/wp\/v2\/pages\/2262\/revisions"}],"predecessor-version":[{"id":5763,"href":"https:\/\/www.akpinarderi.com\/index.php\/wp-json\/wp\/v2\/pages\/2262\/revisions\/5763"}],"wp:attachment":[{"href":"https:\/\/www.akpinarderi.com\/index.php\/wp-json\/wp\/v2\/media?parent=2262"}],"curies":[{"name":"wp","href":"https:\/\/api.w.org\/{rel}","templated":true}]}}