{"id":2027,"date":"2025-09-13T03:00:44","date_gmt":"2025-09-13T03:00:44","guid":{"rendered":"https:\/\/karbon.caliberthemes.com\/?page_id=2027"},"modified":"2025-11-06T18:56:08","modified_gmt":"2025-11-06T15:56:08","slug":"hakkimizda","status":"publish","type":"page","link":"https:\/\/www.akpinarderi.com\/index.php\/hakkimizda\/","title":{"rendered":"HAKKIMIZDA"},"content":{"rendered":"\t\t<div data-elementor-type=\"wp-page\" data-elementor-id=\"2027\" class=\"elementor elementor-2027\">\n\t\t\t\t<div class=\"elementor-element elementor-element-5c1a053 e-con-full e-flex e-con e-parent\" data-id=\"5c1a053\" data-element_type=\"container\" data-settings=\"{&quot;background_background&quot;:&quot;gradient&quot;}\">\n\t\t<div data-advance-animation=\"true\" data-animation-options=\"{&quot;addChildTimelines&quot;:false,&quot;trigger&quot;:&quot;firstChild&quot;,&quot;animationTarget&quot;:&quot;:scope  &gt; .elementor-element, :scope  &gt; .elementor-element:not(.clbr-exclude-parent) &gt; .elementor-widget-container, :scope  &gt; .elementor-widget-clbr-heading-widget .clbr-split-lines .clbr-lines .split-inner, :scope  &gt; .elementor-widget-clbr-heading-widget .clbr-split-words .clbr-words .split-inner, :scope  &gt; .elementor-widget-clbr-heading-widget .clbr-split-chars .clbr-chars .split-inner&quot;,&quot;ease&quot;:&quot;power1.out&quot;,&quot;initValues&quot;:{&quot;opacity&quot;:0},&quot;animations&quot;:{&quot;opacity&quot;:1}}\" class=\"elementor-element elementor-element-a0beaee e-con-full e-flex e-con e-child\" data-id=\"a0beaee\" data-element_type=\"container\" data-settings=\"{&quot;background_background&quot;:&quot;classic&quot;,&quot;clbr_advance_animation&quot;:&quot;yes&quot;}\">\n\t\t\t\t<div class=\"elementor-element elementor-element-922779e elementor-widget elementor-widget-heading\" data-id=\"922779e\" data-element_type=\"widget\" data-widget_type=\"heading.default\">\n\t\t\t\t<div class=\"elementor-widget-container\">\n\t\t\t\t\t<h1 class=\"elementor-heading-title elementor-size-default\">Biz Kimiz<\/h1>\t\t\t\t<\/div>\n\t\t\t\t<\/div>\n\t\t\t\t<\/div>\n\t\t\t\t<\/div>\n\t\t<div data-advance-animation=\"true\" data-animation-options=\"{&quot;addChildTimelines&quot;:false,&quot;trigger&quot;:&quot;firstChild&quot;,&quot;animationTarget&quot;:&quot;:scope .e-con-inner &gt; .e-con&quot;,&quot;startDelay&quot;:800,&quot;ease&quot;:[&quot;power4.out&quot;],&quot;initValues&quot;:{&quot;y&quot;:&quot;100px&quot;,&quot;opacity&quot;:0},&quot;animations&quot;:{&quot;y&quot;:&quot;0px&quot;,&quot;opacity&quot;:1}}\" class=\"elementor-element elementor-element-84fd5f6 e-flex e-con-boxed e-con e-parent\" data-id=\"84fd5f6\" data-element_type=\"container\" data-settings=\"{&quot;clbr_advance_animation&quot;:&quot;yes&quot;}\">\n\t\t\t\t\t<div class=\"e-con-inner\">\n\t\t<div class=\"elementor-element elementor-element-6b108ad e-con-full e-flex e-con e-child\" data-id=\"6b108ad\" data-element_type=\"container\">\n\t\t\t\t<div class=\"elementor-element elementor-element-10fb547 elementor-widget__width-initial elementor-widget-laptop__width-initial elementor-widget elementor-widget-text-editor\" data-id=\"10fb547\" data-element_type=\"widget\" data-widget_type=\"text-editor.default\">\n\t\t\t\t<div class=\"elementor-widget-container\">\n\t\t\t\t\t\t\t\t\t<p>1980 y\u0131l\u0131ndan beri sekt\u00f6r\u00fcn i\u00e7inde edindi\u011fimiz tecr\u00fcbe ile, 1997 y\u0131l\u0131nda Akp\u0131nar Deri Sanayi ve Ticaret Limited \u015eirketi\u2019ni kurarak faaliyetlerimizi kurumsal bir yap\u0131ya kavu\u015fturduk.<\/p><p>1997 y\u0131l\u0131ndan bu yana faaliyet g\u00f6steren firmam\u0131z, ayakkab\u0131 malzemeleri, tekstil ve teknik tekstil alanlar\u0131nda sekt\u00f6re yenilik\u00e7i ve y\u00fcksek kaliteli \u00fcr\u00fcnler sunmaktad\u0131r.<br \/>Y\u0131llar\u0131n kazand\u0131rd\u0131\u011f\u0131 deneyim, g\u00fc\u00e7l\u00fc \u00fcretim altyap\u0131m\u0131z ve m\u00fc\u015fteri memnuniyetini esas alan hizmet anlay\u0131\u015f\u0131m\u0131zla, bug\u00fcn T\u00fcrkiye\u2019de oldu\u011fu kadar uluslararas\u0131 pazarlarda da g\u00fcvenilir bir \u00e7\u00f6z\u00fcm orta\u011f\u0131 olmay\u0131 hedefliyoruz.<\/p><p>Ayakkab\u0131 sekt\u00f6r\u00fcnde malzeme \u00e7e\u015fitlili\u011fi a\u00e7\u0131s\u0131ndan olduk\u00e7a geni\u015f bir \u00fcr\u00fcn yelpazesine sahibiz. Saya kuma\u015flar\u0131ndan astarlara, i\u00e7 tabanl\u0131klardan teknik file kuma\u015flara, Ford bombe ve takviyelik \u00fcr\u00fcnlere kadar her t\u00fcrl\u00fc ihtiyaca y\u00f6nelik \u00e7\u00f6z\u00fcmler sunmaktay\u0131z.<\/p><p>Bunun yan\u0131 s\u0131ra; \u00e7anta, temizlik, otomotiv, in\u015faat ve bir\u00e7ok farkl\u0131 sekt\u00f6re y\u00f6nelik \u00fcr\u00fcnlerimizle de m\u00fc\u015fterilerimize hizmet veriyoruz.<br \/>Kalite, g\u00fcven ve s\u00fcreklilik prensipleri do\u011frultusunda, sekt\u00f6rdeki konumumuzu her ge\u00e7en g\u00fcn g\u00fc\u00e7lendirmeye devam ediyoruz.<\/p>\t\t\t\t\t\t\t\t<\/div>\n\t\t\t\t<\/div>\n\t\t\t\t<\/div>\n\t\t\t\t\t<\/div>\n\t\t\t\t<\/div>\n\t\t<div data-advance-animation=\"true\" data-animation-options=\"{&quot;addChildTimelines&quot;:false,&quot;trigger&quot;:&quot;firstChild&quot;,&quot;animationTarget&quot;:&quot;:scope  &gt; .elementor-element, :scope  &gt; .elementor-element:not(.clbr-exclude-parent) &gt; .elementor-widget-container, :scope  &gt; .elementor-widget-clbr-heading-widget .clbr-split-lines .clbr-lines .split-inner, :scope  &gt; .elementor-widget-clbr-heading-widget .clbr-split-words .clbr-words .split-inner, :scope  &gt; .elementor-widget-clbr-heading-widget .clbr-split-chars .clbr-chars .split-inner&quot;,&quot;startDelay&quot;:400,&quot;ease&quot;:[&quot;power4.out&quot;],&quot;initValues&quot;:{&quot;opacity&quot;:0},&quot;animations&quot;:{&quot;opacity&quot;:1}}\" class=\"elementor-element elementor-element-9a6992a e-con-full e-flex e-con e-parent\" data-id=\"9a6992a\" data-element_type=\"container\" data-settings=\"{&quot;clbr_advance_animation&quot;:&quot;yes&quot;}\">\n\t\t\t\t<div class=\"elementor-element elementor-element-028da31 elementor-widget elementor-widget-clbr-marquee-widget\" data-id=\"028da31\" data-element_type=\"widget\" data-settings=\"{&quot;marquee_type&quot;:&quot;image&quot;,&quot;marquee_item_spacing&quot;:{&quot;unit&quot;:&quot;px&quot;,&quot;size&quot;:10,&quot;sizes&quot;:[]},&quot;marquee_item_spacing_laptop&quot;:{&quot;unit&quot;:&quot;px&quot;,&quot;size&quot;:&quot;&quot;,&quot;sizes&quot;:[]},&quot;marquee_item_spacing_tablet_extra&quot;:{&quot;unit&quot;:&quot;px&quot;,&quot;size&quot;:&quot;&quot;,&quot;sizes&quot;:[]},&quot;marquee_item_spacing_tablet&quot;:{&quot;unit&quot;:&quot;px&quot;,&quot;size&quot;:&quot;&quot;,&quot;sizes&quot;:[]},&quot;marquee_item_spacing_mobile_extra&quot;:{&quot;unit&quot;:&quot;px&quot;,&quot;size&quot;:&quot;&quot;,&quot;sizes&quot;:[]},&quot;marquee_item_spacing_mobile&quot;:{&quot;unit&quot;:&quot;px&quot;,&quot;size&quot;:&quot;&quot;,&quot;sizes&quot;:[]},&quot;marquee_speed&quot;:50,&quot;marquee_direction&quot;:&quot;left&quot;}\" data-widget_type=\"clbr-marquee-widget.default\">\n\t\t\t\t<div class=\"elementor-widget-container\">\n\t\t\t\t\t\r\n\t\t<div class=\"clbr-marquee clbr-marquee__type-image\" > \r\n\r\n\t\t\t<div class=\"clbr-marquee__content marquee-image\" style=\"width:35%;\"><img fetchpriority=\"high\" decoding=\"async\" width=\"3840\" height=\"2160\" src=\"https:\/\/www.akpinarderi.com\/wp-content\/uploads\/2025\/10\/Akpinar-Tanitim-Filmi-1-Kisa-frame-at-0m33s-1.jpg\" class=\"attachment-full size-full\" alt=\"\" \/><\/div><div class=\"clbr-marquee__content marquee-image\" style=\"width:35%;\"><img decoding=\"async\" width=\"3840\" height=\"2160\" src=\"https:\/\/www.akpinarderi.com\/wp-content\/uploads\/2025\/10\/Akpinar-Tanitim-Filmi-1-Kisa-frame-at-1m11s.jpg\" class=\"attachment-full size-full\" alt=\"\" \/><\/div><div class=\"clbr-marquee__content marquee-image\" style=\"width:35%;\"><img decoding=\"async\" width=\"3840\" height=\"2160\" src=\"https:\/\/www.akpinarderi.com\/wp-content\/uploads\/2025\/10\/Akpinar-Tanitim-Filmi-1-Kisa-frame-at-0m18s-3.jpg\" class=\"attachment-full size-full\" alt=\"\" \/><\/div><div class=\"clbr-marquee__content marquee-image\" style=\"width:35%;\"><img loading=\"lazy\" decoding=\"async\" width=\"3840\" height=\"2160\" src=\"https:\/\/www.akpinarderi.com\/wp-content\/uploads\/2025\/10\/Akpinar-Tanitim-Filmi-1-Kisa-frame-at-1m33s.jpg\" class=\"attachment-full size-full\" alt=\"\" \/><\/div><div class=\"clbr-marquee__content marquee-image\" style=\"width:35%;\"><img loading=\"lazy\" decoding=\"async\" width=\"3840\" height=\"2160\" src=\"https:\/\/www.akpinarderi.com\/wp-content\/uploads\/2025\/10\/Akpinar-Tanitim-Filmi-1-Kisa-frame-at-1m30s.jpg\" class=\"attachment-full size-full\" alt=\"\" \/><\/div><div class=\"clbr-marquee__content marquee-image\" style=\"width:35%;\"><img loading=\"lazy\" decoding=\"async\" width=\"3840\" height=\"2160\" src=\"https:\/\/www.akpinarderi.com\/wp-content\/uploads\/2025\/10\/Akpinar-Tanitim-Filmi-1-Kisa-frame-at-3m44s.jpg\" class=\"attachment-full size-full\" alt=\"\" \/><\/div>\t\t\t\r\n\r\n\t\t<\/div>\r\n\r\n\t\t\t\t\t<\/div>\n\t\t\t\t<\/div>\n\t\t\t\t<\/div>\n\t\t<div data-advance-animation=\"true\" data-animation-options=\"{&quot;addChildTimelines&quot;:false,&quot;trigger&quot;:&quot;firstChild&quot;,&quot;animationTarget&quot;:&quot;:scope .e-con-inner &gt; .elementor-element, :scope .e-con-inner &gt; .elementor-element:not(.clbr-exclude-parent) &gt; .elementor-widget-container, :scope .e-con-inner &gt; .elementor-widget-clbr-heading-widget .clbr-split-lines .clbr-lines .split-inner, :scope .e-con-inner &gt; .elementor-widget-clbr-heading-widget .clbr-split-words .clbr-words .split-inner, :scope .e-con-inner &gt; .elementor-widget-clbr-heading-widget .clbr-split-chars .clbr-chars .split-inner, :scope .e-con .elementor-element, :scope .e-con .elementor-element &gt; .elementor-widget-container, :scope .e-con .elementor-widget-clbr-heading-widget .clbr-split-lines .clbr-lines .split-inner, :scope .e-con .elementor-widget-clbr-heading-widget .clbr-split-words .clbr-words .split-inner, :scope .e-con .elementor-widget-clbr-heading-widget .clbr-split-chars .clbr-chars .split-inner&quot;,&quot;startDelay&quot;:400,&quot;ease&quot;:[&quot;power4.out&quot;],&quot;initValues&quot;:{&quot;opacity&quot;:0},&quot;animations&quot;:{&quot;opacity&quot;:1}}\" class=\"elementor-element elementor-element-3f95b56 e-flex e-con-boxed e-con e-parent\" data-id=\"3f95b56\" data-element_type=\"container\" data-settings=\"{&quot;background_background&quot;:&quot;classic&quot;,&quot;clbr_advance_animation&quot;:&quot;yes&quot;}\">\n\t\t\t\t\t<div class=\"e-con-inner\">\n\t\t\t\t<div class=\"elementor-element elementor-element-cec4125 elementor-widget elementor-widget-clbr-marquee-widget\" data-id=\"cec4125\" data-element_type=\"widget\" data-settings=\"{&quot;marquee_type&quot;:&quot;image&quot;,&quot;marquee_item_spacing_mobile&quot;:{&quot;unit&quot;:&quot;px&quot;,&quot;size&quot;:0,&quot;sizes&quot;:[]},&quot;marquee_item_spacing&quot;:{&quot;unit&quot;:&quot;px&quot;,&quot;size&quot;:&quot;&quot;,&quot;sizes&quot;:[]},&quot;marquee_item_spacing_laptop&quot;:{&quot;unit&quot;:&quot;px&quot;,&quot;size&quot;:&quot;&quot;,&quot;sizes&quot;:[]},&quot;marquee_item_spacing_tablet_extra&quot;:{&quot;unit&quot;:&quot;px&quot;,&quot;size&quot;:&quot;&quot;,&quot;sizes&quot;:[]},&quot;marquee_item_spacing_tablet&quot;:{&quot;unit&quot;:&quot;px&quot;,&quot;size&quot;:&quot;&quot;,&quot;sizes&quot;:[]},&quot;marquee_item_spacing_mobile_extra&quot;:{&quot;unit&quot;:&quot;px&quot;,&quot;size&quot;:&quot;&quot;,&quot;sizes&quot;:[]},&quot;marquee_speed&quot;:50,&quot;marquee_direction&quot;:&quot;left&quot;}\" data-widget_type=\"clbr-marquee-widget.default\">\n\t\t\t\t<div class=\"elementor-widget-container\">\n\t\t\t\t\t\r\n\t\t<div class=\"clbr-marquee clbr-marquee__type-image clbr-marquee--fade-sides\" > \r\n\r\n\t\t\t<div class=\"clbr-marquee__content marquee-image\" style=\"width:px;\"><img loading=\"lazy\" decoding=\"async\" width=\"3840\" height=\"2160\" src=\"https:\/\/www.akpinarderi.com\/wp-content\/uploads\/2025\/10\/Akpinar-Tanitim-Filmi-1-Kisa-frame-at-0m1s.jpg\" class=\"attachment-full size-full\" alt=\"\" \/><\/div><div class=\"clbr-marquee__content marquee-image\" style=\"width:px;\"><img loading=\"lazy\" decoding=\"async\" width=\"117\" height=\"150\" src=\"https:\/\/www.akpinarderi.com\/wp-content\/uploads\/2025\/10\/WhatsApp-Gorsel-2025-10-20-saat-10.16.13_c6494893.jpg\" class=\"attachment-full size-full\" alt=\"\" \/><\/div><div class=\"clbr-marquee__content marquee-image\" style=\"width:px;\"><img loading=\"lazy\" decoding=\"async\" width=\"1600\" height=\"900\" src=\"https:\/\/www.akpinarderi.com\/wp-content\/uploads\/2025\/10\/WhatsApp-Gorsel-2025-10-20-saat-10.16.13_719a09f2.jpg\" class=\"attachment-full size-full\" alt=\"\" \/><\/div><div class=\"clbr-marquee__content marquee-image\" style=\"width:125px;\"><img loading=\"lazy\" decoding=\"async\" width=\"1024\" height=\"1024\" src=\"https:\/\/www.akpinarderi.com\/wp-content\/uploads\/2025\/10\/AKP.jpg\" class=\"attachment-full size-full\" alt=\"\" \/><\/div><div class=\"clbr-marquee__content marquee-image\" style=\"width:136px;\"><img loading=\"lazy\" decoding=\"async\" width=\"738\" height=\"1097\" src=\"https:\/\/www.akpinarderi.com\/wp-content\/uploads\/2025\/10\/Yapisitirici-Butterfly-Latex-1.jpg\" class=\"attachment-full size-full\" alt=\"\" \/><\/div><div class=\"clbr-marquee__content marquee-image\" style=\"width:px;\"><img loading=\"lazy\" decoding=\"async\" width=\"5000\" height=\"5000\" src=\"https:\/\/www.akpinarderi.com\/wp-content\/uploads\/2025\/10\/satex-logo-1.jpg\" class=\"attachment-full size-full\" alt=\"\" \/><\/div>\t\t\t\r\n\r\n\t\t<\/div>\r\n\r\n\t\t\t\t\t<\/div>\n\t\t\t\t<\/div>\n\t\t\t\t\t<\/div>\n\t\t\t\t<\/div>\n\t\t\t\t<\/div>\n\t\t","protected":false},"excerpt":{"rendered":"<p>Biz Kimiz 1980 y\u0131l\u0131ndan beri sekt\u00f6r\u00fcn i\u00e7inde edindi\u011fimiz tecr\u00fcbe ile, 1997 y\u0131l\u0131nda Akp\u0131nar Deri Sanayi ve Ticaret Limited \u015eirketi\u2019ni kurarak faaliyetlerimizi kurumsal bir yap\u0131ya kavu\u015fturduk. 1997 y\u0131l\u0131ndan bu yana faaliyet g\u00f6steren firmam\u0131z, ayakkab\u0131 malzemeleri, tekstil ve teknik tekstil alanlar\u0131nda sekt\u00f6re yenilik\u00e7i ve y\u00fcksek kaliteli \u00fcr\u00fcnler sunmaktad\u0131r.Y\u0131llar\u0131n kazand\u0131rd\u0131\u011f\u0131 deneyim, g\u00fc\u00e7l\u00fc \u00fcretim altyap\u0131m\u0131z ve m\u00fc\u015fteri memnuniyetini esas [&hellip;]<\/p>\n","protected":false},"author":1,"featured_media":0,"parent":0,"menu_order":0,"comment_status":"closed","ping_status":"closed","template":"","meta":{"footnotes":""},"class_list":["post-2027","page","type-page","status-publish","hentry"],"_links":{"self":[{"href":"https:\/\/www.akpinarderi.com\/index.php\/wp-json\/wp\/v2\/pages\/2027","targetHints":{"allow":["GET"]}}],"collection":[{"href":"https:\/\/www.akpinarderi.com\/index.php\/wp-json\/wp\/v2\/pages"}],"about":[{"href":"https:\/\/www.akpinarderi.com\/index.php\/wp-json\/wp\/v2\/types\/page"}],"author":[{"embeddable":true,"href":"https:\/\/www.akpinarderi.com\/index.php\/wp-json\/wp\/v2\/users\/1"}],"replies":[{"embeddable":true,"href":"https:\/\/www.akpinarderi.com\/index.php\/wp-json\/wp\/v2\/comments?post=2027"}],"version-history":[{"count":41,"href":"https:\/\/www.akpinarderi.com\/index.php\/wp-json\/wp\/v2\/pages\/2027\/revisions"}],"predecessor-version":[{"id":5521,"href":"https:\/\/www.akpinarderi.com\/index.php\/wp-json\/wp\/v2\/pages\/2027\/revisions\/5521"}],"wp:attachment":[{"href":"https:\/\/www.akpinarderi.com\/index.php\/wp-json\/wp\/v2\/media?parent=2027"}],"curies":[{"name":"wp","href":"https:\/\/api.w.org\/{rel}","templated":true}]}}